{"id":959,"date":"2025-05-19T21:58:40","date_gmt":"2025-05-19T21:58:40","guid":{"rendered":"https:\/\/ai-enterprise.fr\/?page_id=959"},"modified":"2026-03-09T14:53:10","modified_gmt":"2026-03-09T14:53:10","slug":"blog","status":"publish","type":"page","link":"https:\/\/ai-enterprise.fr\/en\/blog\/","title":{"rendered":"Blog"},"content":{"rendered":"<div class=\"wp-block-columns is-layout-flex wp-container-core-columns-is-layout-28f84493 wp-block-columns-is-layout-flex\">\n<div class=\"wp-block-column is-layout-flow wp-block-column-is-layout-flow\">\n<p style=\"font-size:clamp(14px, 0.875rem + ((1vw - 3.2px) * 0.455), 18px);px\">Discover our articles on AI-powered training and coaching: trends, practical guides, feedback and use cases to help your teams progress.<\/p>\n<\/div>\n<\/div>\n\n\n\n<hr class=\"wp-block-separator has-alpha-channel-opacity\"\/>\n\n\n\n<div class=\"wp-block-group is-nowrap is-layout-flex wp-container-core-group-is-layout-6c531013 wp-block-group-is-layout-flex\">\n<div class=\"wp-block-query is-layout-flow wp-block-query-is-layout-flow\"><ul class=\"wp-block-post-template is-layout-flow wp-block-post-template-is-layout-flow\"><li class=\"wp-block-post post-1275 post type-post status-publish format-standard has-post-thumbnail hentry category-information category-technique tag-agents-ia tag-llm tag-saas\">\n\n<div class=\"wp-block-columns are-vertically-aligned-center is-layout-flex wp-container-core-columns-is-layout-28f84493 wp-block-columns-is-layout-flex\">\n<div class=\"wp-block-column is-vertically-aligned-center is-layout-flow wp-block-column-is-layout-flow\" style=\"flex-basis:25%\"><figure class=\"wp-block-post-featured-image\"><a href=\"https:\/\/ai-enterprise.fr\/en\/openai-mistral-gemini-quel-modele-ia-choisir-entreprise\/\" target=\"_self\"  ><img decoding=\"async\" width=\"300\" height=\"300\" src=\"https:\/\/ai-enterprise.fr\/wp-content\/uploads\/2025\/11\/illustration-11.png\" class=\"attachment-post-thumbnail size-post-thumbnail wp-post-image\" alt=\"OpenAI, Mistral, Gemini : quel mod\u00e8le IA choisir pour votre entreprise ?\" style=\"object-fit:cover;\" srcset=\"https:\/\/ai-enterprise.fr\/wp-content\/uploads\/2025\/11\/illustration-11.png 300w, https:\/\/ai-enterprise.fr\/wp-content\/uploads\/2025\/11\/illustration-11-150x150.png 150w, https:\/\/ai-enterprise.fr\/wp-content\/uploads\/2025\/11\/illustration-11-12x12.png 12w\" sizes=\"(max-width: 300px) 100vw, 300px\" \/><\/a><\/figure><\/div>\n\n\n\n<div class=\"wp-block-column is-vertically-aligned-center is-layout-flow wp-block-column-is-layout-flow\" style=\"flex-basis:75%\"><h2 class=\"has-link-color wp-elements-77af534a554b5bd6cf88afbe3a173ed1 wp-block-post-title has-text-color has-custom-violet-custom-color has-large-font-size\"><a href=\"https:\/\/ai-enterprise.fr\/en\/openai-mistral-gemini-quel-modele-ia-choisir-entreprise\/\" target=\"_self\" >OpenAI, Mistral, Gemini: which AI model should you choose for your company?<\/a><\/h2><\/div>\n<\/div>\n\n<\/li><li class=\"wp-block-post post-1274 post type-post status-publish format-standard has-post-thumbnail hentry category-commercial category-formation tag-agents-ia tag-b2b tag-formation-ia\">\n\n<div class=\"wp-block-columns are-vertically-aligned-center is-layout-flex wp-container-core-columns-is-layout-28f84493 wp-block-columns-is-layout-flex\">\n<div class=\"wp-block-column is-vertically-aligned-center is-layout-flow wp-block-column-is-layout-flow\" style=\"flex-basis:25%\"><figure class=\"wp-block-post-featured-image\"><a href=\"https:\/\/ai-enterprise.fr\/en\/reduire-couts-formation-ia-roi-mesurable\/\" target=\"_self\"  ><img decoding=\"async\" width=\"300\" height=\"300\" src=\"https:\/\/ai-enterprise.fr\/wp-content\/uploads\/2025\/11\/illustration-9.png\" class=\"attachment-post-thumbnail size-post-thumbnail wp-post-image\" alt=\"R\u00e9duire les co\u00fbts de formation avec l&rsquo;IA : ROI mesurable et r\u00e9sultats concrets\" style=\"object-fit:cover;\" srcset=\"https:\/\/ai-enterprise.fr\/wp-content\/uploads\/2025\/11\/illustration-9.png 300w, https:\/\/ai-enterprise.fr\/wp-content\/uploads\/2025\/11\/illustration-9-150x150.png 150w, https:\/\/ai-enterprise.fr\/wp-content\/uploads\/2025\/11\/illustration-9-12x12.png 12w\" sizes=\"(max-width: 300px) 100vw, 300px\" \/><\/a><\/figure><\/div>\n\n\n\n<div class=\"wp-block-column is-vertically-aligned-center is-layout-flow wp-block-column-is-layout-flow\" style=\"flex-basis:75%\"><h2 class=\"has-link-color wp-elements-77af534a554b5bd6cf88afbe3a173ed1 wp-block-post-title has-text-color has-custom-violet-custom-color has-large-font-size\"><a href=\"https:\/\/ai-enterprise.fr\/en\/reduire-couts-formation-ia-roi-mesurable\/\" target=\"_self\" >Reducing training costs with AI: Measurable ROI and concrete results<\/a><\/h2><\/div>\n<\/div>\n\n<\/li><li class=\"wp-block-post post-1273 post type-post status-publish format-standard has-post-thumbnail hentry category-commercial category-formation tag-b2b tag-formation-ia tag-llm\">\n\n<div class=\"wp-block-columns are-vertically-aligned-center is-layout-flex wp-container-core-columns-is-layout-28f84493 wp-block-columns-is-layout-flex\">\n<div class=\"wp-block-column is-vertically-aligned-center is-layout-flow wp-block-column-is-layout-flow\" style=\"flex-basis:25%\"><figure class=\"wp-block-post-featured-image\"><a href=\"https:\/\/ai-enterprise.fr\/en\/secteur-bancaire-ia-formation-conseillers-simulations\/\" target=\"_self\"  ><img decoding=\"async\" width=\"300\" height=\"300\" src=\"https:\/\/ai-enterprise.fr\/wp-content\/uploads\/2025\/11\/illustration-10.png\" class=\"attachment-post-thumbnail size-post-thumbnail wp-post-image\" alt=\"Secteur bancaire et IA : comment former vos conseillers avec des simulations intelligentes\" style=\"object-fit:cover;\" srcset=\"https:\/\/ai-enterprise.fr\/wp-content\/uploads\/2025\/11\/illustration-10.png 300w, https:\/\/ai-enterprise.fr\/wp-content\/uploads\/2025\/11\/illustration-10-150x150.png 150w, https:\/\/ai-enterprise.fr\/wp-content\/uploads\/2025\/11\/illustration-10-12x12.png 12w\" sizes=\"(max-width: 300px) 100vw, 300px\" \/><\/a><\/figure><\/div>\n\n\n\n<div class=\"wp-block-column is-vertically-aligned-center is-layout-flow wp-block-column-is-layout-flow\" style=\"flex-basis:75%\"><h2 class=\"has-link-color wp-elements-77af534a554b5bd6cf88afbe3a173ed1 wp-block-post-title has-text-color has-custom-violet-custom-color has-large-font-size\"><a href=\"https:\/\/ai-enterprise.fr\/en\/secteur-bancaire-ia-formation-conseillers-simulations\/\" target=\"_self\" >Banking sector and AI: how to train your advisors with intelligent simulations<\/a><\/h2><\/div>\n<\/div>\n\n<\/li><li class=\"wp-block-post post-1272 post type-post status-publish format-standard has-post-thumbnail hentry category-information category-technique tag-agents-ia tag-rgpd tag-saas\">\n\n<div class=\"wp-block-columns are-vertically-aligned-center is-layout-flex wp-container-core-columns-is-layout-28f84493 wp-block-columns-is-layout-flex\">\n<div class=\"wp-block-column is-vertically-aligned-center is-layout-flow wp-block-column-is-layout-flow\" style=\"flex-basis:25%\"><figure class=\"wp-block-post-featured-image\"><a href=\"https:\/\/ai-enterprise.fr\/en\/deployer-plateforme-ia-saas-securisee-entreprise\/\" target=\"_self\"  ><img decoding=\"async\" width=\"300\" height=\"300\" src=\"https:\/\/ai-enterprise.fr\/wp-content\/uploads\/2025\/11\/illustration-13.png\" class=\"attachment-post-thumbnail size-post-thumbnail wp-post-image\" alt=\"Comment d\u00e9ployer une plateforme IA SaaS s\u00e9curis\u00e9e dans votre entreprise\" style=\"object-fit:cover;\" srcset=\"https:\/\/ai-enterprise.fr\/wp-content\/uploads\/2025\/11\/illustration-13.png 300w, https:\/\/ai-enterprise.fr\/wp-content\/uploads\/2025\/11\/illustration-13-150x150.png 150w, https:\/\/ai-enterprise.fr\/wp-content\/uploads\/2025\/11\/illustration-13-12x12.png 12w\" sizes=\"(max-width: 300px) 100vw, 300px\" \/><\/a><\/figure><\/div>\n\n\n\n<div class=\"wp-block-column is-vertically-aligned-center is-layout-flow wp-block-column-is-layout-flow\" style=\"flex-basis:75%\"><h2 class=\"has-link-color wp-elements-77af534a554b5bd6cf88afbe3a173ed1 wp-block-post-title has-text-color has-custom-violet-custom-color has-large-font-size\"><a href=\"https:\/\/ai-enterprise.fr\/en\/deployer-plateforme-ia-saas-securisee-entreprise\/\" target=\"_self\" >How to deploy a secure SaaS AI platform in your company<\/a><\/h2><\/div>\n<\/div>\n\n<\/li><li class=\"wp-block-post post-1271 post type-post status-publish format-standard has-post-thumbnail hentry category-information category-technique tag-agents-ia tag-ia-generative tag-rag\">\n\n<div class=\"wp-block-columns are-vertically-aligned-center is-layout-flex wp-container-core-columns-is-layout-28f84493 wp-block-columns-is-layout-flex\">\n<div class=\"wp-block-column is-vertically-aligned-center is-layout-flow wp-block-column-is-layout-flow\" style=\"flex-basis:25%\"><figure class=\"wp-block-post-featured-image\"><a href=\"https:\/\/ai-enterprise.fr\/en\/multimodalite-ia-texte-audio-image-collaborateurs\/\" target=\"_self\"  ><img decoding=\"async\" width=\"300\" height=\"300\" src=\"https:\/\/ai-enterprise.fr\/wp-content\/uploads\/2025\/11\/illustration-1.png\" class=\"attachment-post-thumbnail size-post-thumbnail wp-post-image\" alt=\"Multimodalit\u00e9 IA : texte, audio et image au service de vos collaborateurs\" style=\"object-fit:cover;\" srcset=\"https:\/\/ai-enterprise.fr\/wp-content\/uploads\/2025\/11\/illustration-1.png 300w, https:\/\/ai-enterprise.fr\/wp-content\/uploads\/2025\/11\/illustration-1-150x150.png 150w, https:\/\/ai-enterprise.fr\/wp-content\/uploads\/2025\/11\/illustration-1-12x12.png 12w\" sizes=\"(max-width: 300px) 100vw, 300px\" \/><\/a><\/figure><\/div>\n\n\n\n<div class=\"wp-block-column is-vertically-aligned-center is-layout-flow wp-block-column-is-layout-flow\" style=\"flex-basis:75%\"><h2 class=\"has-link-color wp-elements-77af534a554b5bd6cf88afbe3a173ed1 wp-block-post-title has-text-color has-custom-violet-custom-color has-large-font-size\"><a href=\"https:\/\/ai-enterprise.fr\/en\/multimodalite-ia-texte-audio-image-collaborateurs\/\" target=\"_self\" >AI multimodality: text, audio and image at the service of your employees<\/a><\/h2><\/div>\n<\/div>\n\n<\/li><li class=\"wp-block-post post-1270 post type-post status-publish format-standard has-post-thumbnail hentry category-information category-technique tag-agents-ia tag-rgpd tag-saas\">\n\n<div class=\"wp-block-columns are-vertically-aligned-center is-layout-flex wp-container-core-columns-is-layout-28f84493 wp-block-columns-is-layout-flex\">\n<div class=\"wp-block-column is-vertically-aligned-center is-layout-flow wp-block-column-is-layout-flow\" style=\"flex-basis:25%\"><figure class=\"wp-block-post-featured-image\"><a href=\"https:\/\/ai-enterprise.fr\/en\/ia-conformite-rgpd-hebergement-on-premise-cloud\/\" target=\"_self\"  ><img decoding=\"async\" width=\"300\" height=\"300\" src=\"https:\/\/ai-enterprise.fr\/wp-content\/uploads\/2025\/11\/illustration-14.png\" class=\"attachment-post-thumbnail size-post-thumbnail wp-post-image\" alt=\"IA et conformit\u00e9 RGPD : h\u00e9bergement on-premise ou cloud, que choisir ?\" style=\"object-fit:cover;\" srcset=\"https:\/\/ai-enterprise.fr\/wp-content\/uploads\/2025\/11\/illustration-14.png 300w, https:\/\/ai-enterprise.fr\/wp-content\/uploads\/2025\/11\/illustration-14-150x150.png 150w, https:\/\/ai-enterprise.fr\/wp-content\/uploads\/2025\/11\/illustration-14-12x12.png 12w\" sizes=\"(max-width: 300px) 100vw, 300px\" \/><\/a><\/figure><\/div>\n\n\n\n<div class=\"wp-block-column is-vertically-aligned-center is-layout-flow wp-block-column-is-layout-flow\" style=\"flex-basis:75%\"><h2 class=\"has-link-color wp-elements-77af534a554b5bd6cf88afbe3a173ed1 wp-block-post-title has-text-color has-custom-violet-custom-color has-large-font-size\"><a href=\"https:\/\/ai-enterprise.fr\/en\/ia-conformite-rgpd-hebergement-on-premise-cloud\/\" target=\"_self\" >AI and GDPR compliance: on-premise or cloud hosting, which to choose?<\/a><\/h2><\/div>\n<\/div>\n\n<\/li><li class=\"wp-block-post post-1269 post type-post status-publish format-standard has-post-thumbnail hentry category-commercial category-technique tag-agents-ia tag-b2b tag-ia-generative\">\n\n<div class=\"wp-block-columns are-vertically-aligned-center is-layout-flex wp-container-core-columns-is-layout-28f84493 wp-block-columns-is-layout-flex\">\n<div class=\"wp-block-column is-vertically-aligned-center is-layout-flow wp-block-column-is-layout-flow\" style=\"flex-basis:25%\"><figure class=\"wp-block-post-featured-image\"><a href=\"https:\/\/ai-enterprise.fr\/en\/ia-generative-b2b-cas-usage-equipes-commerciales\/\" target=\"_self\"  ><img decoding=\"async\" width=\"300\" height=\"300\" src=\"https:\/\/ai-enterprise.fr\/wp-content\/uploads\/2025\/11\/illustration-4.png\" class=\"attachment-post-thumbnail size-post-thumbnail wp-post-image\" alt=\"IA g\u00e9n\u00e9rative B2B : 5 cas d&rsquo;usage concrets pour vos \u00e9quipes commerciales\" style=\"object-fit:cover;\" srcset=\"https:\/\/ai-enterprise.fr\/wp-content\/uploads\/2025\/11\/illustration-4.png 300w, https:\/\/ai-enterprise.fr\/wp-content\/uploads\/2025\/11\/illustration-4-150x150.png 150w, https:\/\/ai-enterprise.fr\/wp-content\/uploads\/2025\/11\/illustration-4-12x12.png 12w\" sizes=\"(max-width: 300px) 100vw, 300px\" \/><\/a><\/figure><\/div>\n\n\n\n<div class=\"wp-block-column is-vertically-aligned-center is-layout-flow wp-block-column-is-layout-flow\" style=\"flex-basis:75%\"><h2 class=\"has-link-color wp-elements-77af534a554b5bd6cf88afbe3a173ed1 wp-block-post-title has-text-color has-custom-violet-custom-color has-large-font-size\"><a href=\"https:\/\/ai-enterprise.fr\/en\/ia-generative-b2b-cas-usage-equipes-commerciales\/\" target=\"_self\" >B2B Generative AI: 5 Concrete Use Cases for Your Sales Teams<\/a><\/h2><\/div>\n<\/div>\n\n<\/li><li class=\"wp-block-post post-1268 post type-post status-publish format-standard has-post-thumbnail hentry category-formation category-technique tag-agents-ia tag-formation-ia tag-ia-generative\">\n\n<div class=\"wp-block-columns are-vertically-aligned-center is-layout-flex wp-container-core-columns-is-layout-28f84493 wp-block-columns-is-layout-flex\">\n<div class=\"wp-block-column is-vertically-aligned-center is-layout-flow wp-block-column-is-layout-flow\" style=\"flex-basis:25%\"><figure class=\"wp-block-post-featured-image\"><a href=\"https:\/\/ai-enterprise.fr\/en\/formation-professionnelle-simulation-ia-personas-virtuels\/\" target=\"_self\"  ><img decoding=\"async\" width=\"400\" height=\"300\" src=\"https:\/\/ai-enterprise.fr\/wp-content\/uploads\/2025\/11\/illustration-6.png\" class=\"attachment-post-thumbnail size-post-thumbnail wp-post-image\" alt=\"Formation professionnelle par simulation IA : la r\u00e9volution des personas virtuels\" style=\"object-fit:cover;\" srcset=\"https:\/\/ai-enterprise.fr\/wp-content\/uploads\/2025\/11\/illustration-6.png 400w, https:\/\/ai-enterprise.fr\/wp-content\/uploads\/2025\/11\/illustration-6-300x225.png 300w, https:\/\/ai-enterprise.fr\/wp-content\/uploads\/2025\/11\/illustration-6-16x12.png 16w\" sizes=\"(max-width: 400px) 100vw, 400px\" \/><\/a><\/figure><\/div>\n\n\n\n<div class=\"wp-block-column is-vertically-aligned-center is-layout-flow wp-block-column-is-layout-flow\" style=\"flex-basis:75%\"><h2 class=\"has-link-color wp-elements-77af534a554b5bd6cf88afbe3a173ed1 wp-block-post-title has-text-color has-custom-violet-custom-color has-large-font-size\"><a href=\"https:\/\/ai-enterprise.fr\/en\/formation-professionnelle-simulation-ia-personas-virtuels\/\" target=\"_self\" >AI-powered professional training through simulation: the virtual persona revolution<\/a><\/h2><\/div>\n<\/div>\n\n<\/li><li class=\"wp-block-post post-1267 post type-post status-publish format-standard has-post-thumbnail hentry category-information category-technique tag-agents-ia tag-ia-generative tag-rag\">\n\n<div class=\"wp-block-columns are-vertically-aligned-center is-layout-flex wp-container-core-columns-is-layout-28f84493 wp-block-columns-is-layout-flex\">\n<div class=\"wp-block-column is-vertically-aligned-center is-layout-flow wp-block-column-is-layout-flow\" style=\"flex-basis:25%\"><figure class=\"wp-block-post-featured-image\"><a href=\"https:\/\/ai-enterprise.fr\/en\/rag-entreprise-documents-internes-intelligence-artificielle\/\" target=\"_self\"  ><img decoding=\"async\" width=\"300\" height=\"300\" src=\"https:\/\/ai-enterprise.fr\/wp-content\/uploads\/2025\/11\/illustration-12.png\" class=\"attachment-post-thumbnail size-post-thumbnail wp-post-image\" alt=\"RAG en entreprise : exploitez vos documents internes avec l&rsquo;intelligence artificielle\" style=\"object-fit:cover;\" srcset=\"https:\/\/ai-enterprise.fr\/wp-content\/uploads\/2025\/11\/illustration-12.png 300w, https:\/\/ai-enterprise.fr\/wp-content\/uploads\/2025\/11\/illustration-12-150x150.png 150w, https:\/\/ai-enterprise.fr\/wp-content\/uploads\/2025\/11\/illustration-12-12x12.png 12w\" sizes=\"(max-width: 300px) 100vw, 300px\" \/><\/a><\/figure><\/div>\n\n\n\n<div class=\"wp-block-column is-vertically-aligned-center is-layout-flow wp-block-column-is-layout-flow\" style=\"flex-basis:75%\"><h2 class=\"has-link-color wp-elements-77af534a554b5bd6cf88afbe3a173ed1 wp-block-post-title has-text-color has-custom-violet-custom-color has-large-font-size\"><a href=\"https:\/\/ai-enterprise.fr\/en\/rag-entreprise-documents-internes-intelligence-artificielle\/\" target=\"_self\" >RAG in business: leverage your internal documents with artificial intelligence<\/a><\/h2><\/div>\n<\/div>\n\n<\/li><li class=\"wp-block-post post-1266 post type-post status-publish format-standard has-post-thumbnail hentry category-information category-technique tag-agents-ia tag-b2b tag-ia-generative\">\n\n<div class=\"wp-block-columns are-vertically-aligned-center is-layout-flex wp-container-core-columns-is-layout-28f84493 wp-block-columns-is-layout-flex\">\n<div class=\"wp-block-column is-vertically-aligned-center is-layout-flow wp-block-column-is-layout-flow\" style=\"flex-basis:25%\"><figure class=\"wp-block-post-featured-image\"><a href=\"https:\/\/ai-enterprise.fr\/en\/agents-ia-entreprise-automatiser-processus-metier\/\" target=\"_self\"  ><img decoding=\"async\" width=\"400\" height=\"300\" src=\"https:\/\/ai-enterprise.fr\/wp-content\/uploads\/2025\/11\/illustration-8.png\" class=\"attachment-post-thumbnail size-post-thumbnail wp-post-image\" alt=\"Agents IA en entreprise : comment automatiser vos processus m\u00e9tier en 2025\" style=\"object-fit:cover;\" srcset=\"https:\/\/ai-enterprise.fr\/wp-content\/uploads\/2025\/11\/illustration-8.png 400w, https:\/\/ai-enterprise.fr\/wp-content\/uploads\/2025\/11\/illustration-8-300x225.png 300w, https:\/\/ai-enterprise.fr\/wp-content\/uploads\/2025\/11\/illustration-8-16x12.png 16w\" sizes=\"(max-width: 400px) 100vw, 400px\" \/><\/a><\/figure><\/div>\n\n\n\n<div class=\"wp-block-column is-vertically-aligned-center is-layout-flow wp-block-column-is-layout-flow\" style=\"flex-basis:75%\"><h2 class=\"has-link-color wp-elements-77af534a554b5bd6cf88afbe3a173ed1 wp-block-post-title has-text-color has-custom-violet-custom-color has-large-font-size\"><a href=\"https:\/\/ai-enterprise.fr\/en\/agents-ia-entreprise-automatiser-processus-metier\/\" target=\"_self\" >AI agents in business: how to automate your business processes in 2025<\/a><\/h2><\/div>\n<\/div>\n\n<\/li><\/ul><\/div>\n<\/div>","protected":false},"excerpt":{"rendered":"<p>Discover our articles on AI-powered training and coaching: trends, practical guides, feedback and use cases to help your teams progress.<\/p>","protected":false},"author":1,"featured_media":0,"parent":0,"menu_order":0,"comment_status":"closed","ping_status":"closed","template":"","meta":{"inline_featured_image":false,"footnotes":""},"class_list":["post-959","page","type-page","status-publish","hentry"],"yoast_head":"<!-- This site is optimized with the Yoast SEO plugin v27.4 - https:\/\/yoast.com\/product\/yoast-seo-wordpress\/ -->\n<title>Blog - Ai-Enterprise<\/title>\n<meta name=\"description\" content=\"Actualit\u00e9s, conseils et cas d\u2019usage sur la formation et le coaching propuls\u00e9s par l\u2019IA. Tendances, guides et retours d\u2019exp\u00e9rience.\" \/>\n<meta name=\"robots\" content=\"index, follow, max-snippet:-1, max-image-preview:large, max-video-preview:-1\" \/>\n<link rel=\"canonical\" href=\"https:\/\/ai-enterprise.fr\/en\/blog\/\" \/>\n<meta property=\"og:locale\" content=\"en_US\" \/>\n<meta property=\"og:type\" content=\"article\" \/>\n<meta property=\"og:title\" content=\"Blog - Ai-Enterprise\" \/>\n<meta property=\"og:description\" content=\"Actualit\u00e9s, conseils et cas d\u2019usage sur la formation et le coaching propuls\u00e9s par l\u2019IA. Tendances, guides et retours d\u2019exp\u00e9rience.\" \/>\n<meta property=\"og:url\" content=\"https:\/\/ai-enterprise.fr\/en\/blog\/\" \/>\n<meta property=\"og:site_name\" content=\"Ai-Enterprise\" \/>\n<meta property=\"article:modified_time\" content=\"2026-03-09T14:53:10+00:00\" \/>\n<meta name=\"twitter:card\" content=\"summary_large_image\" \/>\n<meta name=\"twitter:label1\" content=\"Est. reading time\" \/>\n\t<meta name=\"twitter:data1\" content=\"1 minute\" \/>\n<script type=\"application\/ld+json\" class=\"yoast-schema-graph\">{\"@context\":\"https:\\\/\\\/schema.org\",\"@graph\":[{\"@type\":\"WebPage\",\"@id\":\"https:\\\/\\\/ai-enterprise.fr\\\/blog\\\/\",\"url\":\"https:\\\/\\\/ai-enterprise.fr\\\/blog\\\/\",\"name\":\"Blog - Ai-Enterprise\",\"isPartOf\":{\"@id\":\"https:\\\/\\\/ai-enterprise.fr\\\/#website\"},\"datePublished\":\"2025-05-19T21:58:40+00:00\",\"dateModified\":\"2026-03-09T14:53:10+00:00\",\"description\":\"Actualit\u00e9s, conseils et cas d\u2019usage sur la formation et le coaching propuls\u00e9s par l\u2019IA. Tendances, guides et retours d\u2019exp\u00e9rience.\",\"breadcrumb\":{\"@id\":\"https:\\\/\\\/ai-enterprise.fr\\\/blog\\\/#breadcrumb\"},\"inLanguage\":\"en-US\",\"potentialAction\":[{\"@type\":\"ReadAction\",\"target\":[\"https:\\\/\\\/ai-enterprise.fr\\\/blog\\\/\"]}]},{\"@type\":\"BreadcrumbList\",\"@id\":\"https:\\\/\\\/ai-enterprise.fr\\\/blog\\\/#breadcrumb\",\"itemListElement\":[{\"@type\":\"ListItem\",\"position\":1,\"name\":\"Accueil\",\"item\":\"https:\\\/\\\/ai-enterprise.fr\\\/\"},{\"@type\":\"ListItem\",\"position\":2,\"name\":\"Blog\"}]},{\"@type\":\"WebSite\",\"@id\":\"https:\\\/\\\/ai-enterprise.fr\\\/#website\",\"url\":\"https:\\\/\\\/ai-enterprise.fr\\\/\",\"name\":\"Ai-Enterprise\",\"description\":\"Agent IA new Gen\",\"publisher\":{\"@id\":\"https:\\\/\\\/ai-enterprise.fr\\\/#organization\"},\"potentialAction\":[{\"@type\":\"SearchAction\",\"target\":{\"@type\":\"EntryPoint\",\"urlTemplate\":\"https:\\\/\\\/ai-enterprise.fr\\\/?s={search_term_string}\"},\"query-input\":{\"@type\":\"PropertyValueSpecification\",\"valueRequired\":true,\"valueName\":\"search_term_string\"}}],\"inLanguage\":\"en-US\"},{\"@type\":\"Organization\",\"@id\":\"https:\\\/\\\/ai-enterprise.fr\\\/#organization\",\"name\":\"Ai-Enterprise\",\"url\":\"https:\\\/\\\/ai-enterprise.fr\\\/\",\"logo\":{\"@type\":\"ImageObject\",\"inLanguage\":\"en-US\",\"@id\":\"https:\\\/\\\/ai-enterprise.fr\\\/#\\\/schema\\\/logo\\\/image\\\/\",\"url\":\"https:\\\/\\\/ai-enterprise.fr\\\/wp-content\\\/uploads\\\/2025\\\/05\\\/Capture-decran-2025-05-13-081013.png\",\"contentUrl\":\"https:\\\/\\\/ai-enterprise.fr\\\/wp-content\\\/uploads\\\/2025\\\/05\\\/Capture-decran-2025-05-13-081013.png\",\"width\":244,\"height\":148,\"caption\":\"Ai-Enterprise\"},\"image\":{\"@id\":\"https:\\\/\\\/ai-enterprise.fr\\\/#\\\/schema\\\/logo\\\/image\\\/\"}}]}<\/script>\n<!-- \/ Yoast SEO plugin. -->","yoast_head_json":{"title":"Blog - Ai-Enterprise","description":"News, advice and use cases on AI-powered training and coaching. Trends, guides and feedback.","robots":{"index":"index","follow":"follow","max-snippet":"max-snippet:-1","max-image-preview":"max-image-preview:large","max-video-preview":"max-video-preview:-1"},"canonical":"https:\/\/ai-enterprise.fr\/en\/blog\/","og_locale":"en_US","og_type":"article","og_title":"Blog - Ai-Enterprise","og_description":"Actualit\u00e9s, conseils et cas d\u2019usage sur la formation et le coaching propuls\u00e9s par l\u2019IA. Tendances, guides et retours d\u2019exp\u00e9rience.","og_url":"https:\/\/ai-enterprise.fr\/en\/blog\/","og_site_name":"Ai-Enterprise","article_modified_time":"2026-03-09T14:53:10+00:00","twitter_card":"summary_large_image","twitter_misc":{"Est. reading time":"1 minute"},"schema":{"@context":"https:\/\/schema.org","@graph":[{"@type":"WebPage","@id":"https:\/\/ai-enterprise.fr\/blog\/","url":"https:\/\/ai-enterprise.fr\/blog\/","name":"Blog - Ai-Enterprise","isPartOf":{"@id":"https:\/\/ai-enterprise.fr\/#website"},"datePublished":"2025-05-19T21:58:40+00:00","dateModified":"2026-03-09T14:53:10+00:00","description":"News, advice and use cases on AI-powered training and coaching. Trends, guides and feedback.","breadcrumb":{"@id":"https:\/\/ai-enterprise.fr\/blog\/#breadcrumb"},"inLanguage":"en-US","potentialAction":[{"@type":"ReadAction","target":["https:\/\/ai-enterprise.fr\/blog\/"]}]},{"@type":"BreadcrumbList","@id":"https:\/\/ai-enterprise.fr\/blog\/#breadcrumb","itemListElement":[{"@type":"ListItem","position":1,"name":"Accueil","item":"https:\/\/ai-enterprise.fr\/"},{"@type":"ListItem","position":2,"name":"Blog"}]},{"@type":"WebSite","@id":"https:\/\/ai-enterprise.fr\/#website","url":"https:\/\/ai-enterprise.fr\/","name":"Ai-Enterprise","description":"New Gen AI Agent","publisher":{"@id":"https:\/\/ai-enterprise.fr\/#organization"},"potentialAction":[{"@type":"SearchAction","target":{"@type":"EntryPoint","urlTemplate":"https:\/\/ai-enterprise.fr\/?s={search_term_string}"},"query-input":{"@type":"PropertyValueSpecification","valueRequired":true,"valueName":"search_term_string"}}],"inLanguage":"en-US"},{"@type":"Organization","@id":"https:\/\/ai-enterprise.fr\/#organization","name":"Ai-Enterprise","url":"https:\/\/ai-enterprise.fr\/","logo":{"@type":"ImageObject","inLanguage":"en-US","@id":"https:\/\/ai-enterprise.fr\/#\/schema\/logo\/image\/","url":"https:\/\/ai-enterprise.fr\/wp-content\/uploads\/2025\/05\/Capture-decran-2025-05-13-081013.png","contentUrl":"https:\/\/ai-enterprise.fr\/wp-content\/uploads\/2025\/05\/Capture-decran-2025-05-13-081013.png","width":244,"height":148,"caption":"Ai-Enterprise"},"image":{"@id":"https:\/\/ai-enterprise.fr\/#\/schema\/logo\/image\/"}}]}},"_links":{"self":[{"href":"https:\/\/ai-enterprise.fr\/en\/wp-json\/wp\/v2\/pages\/959","targetHints":{"allow":["GET"]}}],"collection":[{"href":"https:\/\/ai-enterprise.fr\/en\/wp-json\/wp\/v2\/pages"}],"about":[{"href":"https:\/\/ai-enterprise.fr\/en\/wp-json\/wp\/v2\/types\/page"}],"author":[{"embeddable":true,"href":"https:\/\/ai-enterprise.fr\/en\/wp-json\/wp\/v2\/users\/1"}],"replies":[{"embeddable":true,"href":"https:\/\/ai-enterprise.fr\/en\/wp-json\/wp\/v2\/comments?post=959"}],"version-history":[{"count":7,"href":"https:\/\/ai-enterprise.fr\/en\/wp-json\/wp\/v2\/pages\/959\/revisions"}],"predecessor-version":[{"id":1336,"href":"https:\/\/ai-enterprise.fr\/en\/wp-json\/wp\/v2\/pages\/959\/revisions\/1336"}],"wp:attachment":[{"href":"https:\/\/ai-enterprise.fr\/en\/wp-json\/wp\/v2\/media?parent=959"}],"curies":[{"name":"wp","href":"https:\/\/api.w.org\/{rel}","templated":true}]}}